{"id":62,"date":"2018-08-31T11:27:11","date_gmt":"2018-08-31T11:27:11","guid":{"rendered":"http:\/\/www.winar.cz\/?page_id=62"},"modified":"2024-05-23T09:11:55","modified_gmt":"2024-05-23T09:11:55","slug":"o-nas","status":"publish","type":"page","link":"https:\/\/www.winar.cz\/index.php\/o-nas\/","title":{"rendered":"O n\u00e1s"},"content":{"rendered":"\t\t<div data-elementor-type=\"wp-page\" data-elementor-id=\"62\" class=\"elementor elementor-62\" data-elementor-post-type=\"page\">\n\t\t\t\t<div class=\"elementor-element elementor-element-9c883e6 e-flex e-con-boxed e-con e-parent\" data-id=\"9c883e6\" data-element_type=\"container\" data-e-type=\"container\">\n\t\t\t\t\t<div class=\"e-con-inner\">\n\t\t<div class=\"elementor-element elementor-element-ad1369b e-con-full e-flex e-con e-child\" data-id=\"ad1369b\" data-element_type=\"container\" data-e-type=\"container\">\n\t\t\t\t<div class=\"elementor-element elementor-element-70d3228 elementor-widget elementor-widget-image\" data-id=\"70d3228\" data-element_type=\"widget\" data-e-type=\"widget\" data-widget_type=\"image.default\">\n\t\t\t\t<div class=\"elementor-widget-container\">\n\t\t\t\t\t\t\t\t\t\t\t\t\t\t\t<img fetchpriority=\"high\" decoding=\"async\" width=\"306\" height=\"1024\" src=\"https:\/\/www.winar.cz\/wp-content\/uploads\/2023\/12\/o-nas-banner-vertical-306x1024.png\" class=\"attachment-large size-large wp-image-269\" alt=\"ko\u017een\u00e9 produkty\" srcset=\"https:\/\/www.winar.cz\/wp-content\/uploads\/2023\/12\/o-nas-banner-vertical-306x1024.png 306w, https:\/\/www.winar.cz\/wp-content\/uploads\/2023\/12\/o-nas-banner-vertical-90x300.png 90w\" sizes=\"(max-width: 306px) 100vw, 306px\" \/>\t\t\t\t\t\t\t\t\t\t\t\t\t\t\t<\/div>\n\t\t\t\t<\/div>\n\t\t\t\t<\/div>\n\t\t<div class=\"elementor-element elementor-element-d77f91c e-con-full e-flex e-con e-child\" data-id=\"d77f91c\" data-element_type=\"container\" data-e-type=\"container\">\n\t\t\t\t<div class=\"elementor-element elementor-element-cb562f0 elementor-widget elementor-widget-text-editor\" data-id=\"cb562f0\" data-element_type=\"widget\" data-e-type=\"widget\" data-widget_type=\"text-editor.default\">\n\t\t\t\t<div class=\"elementor-widget-container\">\n\t\t\t\t\t\t\t\t\t<p><strong>P\u0159ipojte se k oslav\u011b p\u0159esnosti a kvality s Winar s.r.o., firmou, kter\u00e1 ji\u017e 20 let klade tyto hodnoty do centra sv\u00e9ho podnik\u00e1n\u00ed. Specializujeme se na distribuci pr\u00e9miov\u00fdch produkt\u016f, kde ka\u017ed\u00fd kus je pe\u010dliv\u011b vybr\u00e1n a reprezentuje vrchol \u0159emesln\u00e9ho um\u011bn\u00ed.<\/strong><\/p>\t\t\t\t\t\t\t\t<\/div>\n\t\t\t\t<\/div>\n\t\t\t\t<div class=\"elementor-element elementor-element-a7151a9 elementor-widget elementor-widget-heading\" data-id=\"a7151a9\" data-element_type=\"widget\" data-e-type=\"widget\" data-widget_type=\"heading.default\">\n\t\t\t\t<div class=\"elementor-widget-container\">\n\t\t\t\t\t<h2 class=\"elementor-heading-title elementor-size-default\">Z\u00e1vazek k excelenci\u00a0<\/h2>\t\t\t\t<\/div>\n\t\t\t\t<\/div>\n\t\t\t\t<div class=\"elementor-element elementor-element-dbd1fad elementor-widget elementor-widget-text-editor\" data-id=\"dbd1fad\" data-element_type=\"widget\" data-e-type=\"widget\" data-widget_type=\"text-editor.default\">\n\t\t\t\t<div class=\"elementor-widget-container\">\n\t\t\t\t\t\t\t\t\t<p>Na\u0161e cesta je veden\u00e1 touhou poskytovat nejen produkty, ale celkov\u00e9 z\u00e1\u017eitky. S v\u00edce ne\u017e mili\u00f3nem distribuovan\u00fdch produkt\u016f ro\u010dn\u011b se Winar s.r.o. py\u0161n\u00ed t\u00edm, \u017ee je jeho jm\u00e9no synonymem pro spolehlivost a kvalitu. Spokojenost na\u0161ich z\u00e1kazn\u00edk\u016f, kte\u0159\u00ed se k n\u00e1m opakovan\u011b vrac\u00ed, je na\u0161\u00edm nejlep\u0161\u00edm odznakem \u00fasp\u011bchu.<\/p>\t\t\t\t\t\t\t\t<\/div>\n\t\t\t\t<\/div>\n\t\t\t\t<div class=\"elementor-element elementor-element-af6ac9c elementor-widget elementor-widget-heading\" data-id=\"af6ac9c\" data-element_type=\"widget\" data-e-type=\"widget\" data-widget_type=\"heading.default\">\n\t\t\t\t<div class=\"elementor-widget-container\">\n\t\t\t\t\t<h2 class=\"elementor-heading-title elementor-size-default\">D\u016fraz na detail<\/h2>\t\t\t\t<\/div>\n\t\t\t\t<\/div>\n\t\t\t\t<div class=\"elementor-element elementor-element-9abe9f0 elementor-widget elementor-widget-text-editor\" data-id=\"9abe9f0\" data-element_type=\"widget\" data-e-type=\"widget\" data-widget_type=\"text-editor.default\">\n\t\t\t\t<div class=\"elementor-widget-container\">\n\t\t\t\t\t\t\t\t\t<p>Ka\u017ed\u00fd n\u00e1\u0161 produkt je v\u00fdsledkem pe\u010dliv\u00e9ho v\u00fdb\u011bru a detailn\u00edho zpracov\u00e1n\u00ed. Od prvot\u0159\u00eddn\u00edch materi\u00e1l\u016f a\u017e po fin\u00e1ln\u00ed design, v\u0161e je pe\u010dliv\u011b koncipov\u00e1no, aby splnilo nejen o\u010dek\u00e1v\u00e1n\u00ed na\u0161\u00ed klientely, ale aby je i p\u0159ekonalo. Vstupte do sv\u011bta, kde ka\u017ed\u00fd detail je promy\u0161len\u00fd a ka\u017ed\u00fd produkt je vyj\u00e1d\u0159en\u00edm dokonalosti.<\/p>\t\t\t\t\t\t\t\t<\/div>\n\t\t\t\t<\/div>\n\t\t\t\t<div class=\"elementor-element elementor-element-76fc022 elementor-widget elementor-widget-heading\" data-id=\"76fc022\" data-element_type=\"widget\" data-e-type=\"widget\" data-widget_type=\"heading.default\">\n\t\t\t\t<div class=\"elementor-widget-container\">\n\t\t\t\t\t<h2 class=\"elementor-heading-title elementor-size-default\">Smyslov\u00fd z\u00e1\u017eitek<\/h2>\t\t\t\t<\/div>\n\t\t\t\t<\/div>\n\t\t\t\t<div class=\"elementor-element elementor-element-79a3efa elementor-widget elementor-widget-text-editor\" data-id=\"79a3efa\" data-element_type=\"widget\" data-e-type=\"widget\" data-widget_type=\"text-editor.default\">\n\t\t\t\t<div class=\"elementor-widget-container\">\n\t\t\t\t\t\t\t\t\t<p>P\u0159ipravte se na cestu plnou ko\u017een\u00e9 v\u016fn\u011b a vizu\u00e1ln\u00edho t\u0159pytu, kter\u00fd osln\u00ed va\u0161e smysly. Nab\u00edz\u00edme v\u00edce ne\u017e jen produkty; nab\u00edz\u00edme z\u00e1\u017eitky, kter\u00e9 spojuj\u00ed luxusn\u00ed design s neot\u0159elou estetikou. Nech\u0165 ka\u017ed\u00fd produkt od Winar s.r.o. znamen\u00e1 nejen dopln\u011bk, ale p\u0159\u00edb\u011bh elegance a v\u00fdjime\u010dnosti.<\/p>\t\t\t\t\t\t\t\t<\/div>\n\t\t\t\t<\/div>\n\t\t\t\t<div class=\"elementor-element elementor-element-c6ff3bf elementor-widget elementor-widget-text-editor\" data-id=\"c6ff3bf\" data-element_type=\"widget\" data-e-type=\"widget\" data-widget_type=\"text-editor.default\">\n\t\t\t\t<div class=\"elementor-widget-container\">\n\t\t\t\t\t\t\t\t\t<p><strong>Winar s.r.o.<\/strong> stoj\u00ed na pevn\u00fdch z\u00e1kladech preciznosti a inovace. Ka\u017ed\u00fd produkt je d\u016fkazem na\u0161eho z\u00e1vazku k v\u00fdjime\u010dnosti a luxusu. Pus\u0165te dokonalost do sv\u00fdch \u017eivot\u016f a obklopte se produkty, kter\u00e9 nejen \u017ee zdob\u00ed, ale i vypr\u00e1v\u011bj\u00ed p\u0159\u00edb\u011bh o um\u011bn\u00ed a \u0159emesln\u00e9 dovednosti. S n\u00e1mi transformujte ka\u017edodennost v nev\u0161edn\u00ed z\u00e1\u017eitek.<\/p>\t\t\t\t\t\t\t\t<\/div>\n\t\t\t\t<\/div>\n\t\t\t\t<div class=\"elementor-element elementor-element-3bf0e55 elementor-widget__width-initial elementor-widget elementor-widget-image\" data-id=\"3bf0e55\" data-element_type=\"widget\" data-e-type=\"widget\" data-widget_type=\"image.default\">\n\t\t\t\t<div class=\"elementor-widget-container\">\n\t\t\t\t\t\t\t\t\t\t\t\t\t\t\t<img decoding=\"async\" width=\"800\" height=\"800\" src=\"https:\/\/www.winar.cz\/wp-content\/uploads\/2024\/05\/logo-WINAR-komplet-cca-250.svg\" class=\"attachment-large size-large wp-image-302\" alt=\"\" \/>\t\t\t\t\t\t\t\t\t\t\t\t\t\t\t<\/div>\n\t\t\t\t<\/div>\n\t\t\t\t<\/div>\n\t\t\t\t\t<\/div>\n\t\t\t\t<\/div>\n\t\t<div class=\"elementor-element elementor-element-6fad310 e-flex e-con-boxed e-con e-parent\" data-id=\"6fad310\" data-element_type=\"container\" data-e-type=\"container\">\n\t\t\t\t\t<div class=\"e-con-inner\">\n\t\t\t\t\t<\/div>\n\t\t\t\t<\/div>\n\t\t\t\t<\/div>\n\t\t","protected":false},"excerpt":{"rendered":"<p>P\u0159ipojte se k oslav\u011b p\u0159esnosti a kvality s Winar s.r.o., firmou, kter\u00e1 ji\u017e 20 let klade tyto hodnoty do centra sv\u00e9ho podnik\u00e1n\u00ed. Specializujeme se na distribuci pr\u00e9miov\u00fdch produkt\u016f, kde ka\u017ed\u00fd kus je pe\u010dliv\u011b vybr\u00e1n a reprezentuje vrchol \u0159emesln\u00e9ho um\u011bn\u00ed. Z\u00e1vazek k excelenci\u00a0 Na\u0161e cesta je veden\u00e1 touhou poskytovat nejen produkty, ale celkov\u00e9 z\u00e1\u017eitky. S v\u00edce [&hellip;]<\/p>\n","protected":false},"author":1,"featured_media":0,"parent":0,"menu_order":0,"comment_status":"closed","ping_status":"closed","template":"elementor_header_footer","meta":{"_acf_changed":false,"inline_featured_image":false,"_monsterinsights_skip_tracking":false,"_monsterinsights_sitenote_active":false,"_monsterinsights_sitenote_note":"","_monsterinsights_sitenote_category":0,"footnotes":""},"class_list":["post-62","page","type-page","status-publish","hentry"],"acf":[],"_links":{"self":[{"href":"https:\/\/www.winar.cz\/index.php\/wp-json\/wp\/v2\/pages\/62","targetHints":{"allow":["GET"]}}],"collection":[{"href":"https:\/\/www.winar.cz\/index.php\/wp-json\/wp\/v2\/pages"}],"about":[{"href":"https:\/\/www.winar.cz\/index.php\/wp-json\/wp\/v2\/types\/page"}],"author":[{"embeddable":true,"href":"https:\/\/www.winar.cz\/index.php\/wp-json\/wp\/v2\/users\/1"}],"replies":[{"embeddable":true,"href":"https:\/\/www.winar.cz\/index.php\/wp-json\/wp\/v2\/comments?post=62"}],"version-history":[{"count":35,"href":"https:\/\/www.winar.cz\/index.php\/wp-json\/wp\/v2\/pages\/62\/revisions"}],"predecessor-version":[{"id":466,"href":"https:\/\/www.winar.cz\/index.php\/wp-json\/wp\/v2\/pages\/62\/revisions\/466"}],"wp:attachment":[{"href":"https:\/\/www.winar.cz\/index.php\/wp-json\/wp\/v2\/media?parent=62"}],"curies":[{"name":"wp","href":"https:\/\/api.w.org\/{rel}","templated":true}]}}