{"id":615,"date":"2024-05-26T14:55:32","date_gmt":"2024-05-26T14:55:32","guid":{"rendered":"https:\/\/www.winar.cz\/?post_type=product&#038;p=615"},"modified":"2024-05-26T18:01:02","modified_gmt":"2024-05-26T18:01:02","slug":"klicenka","status":"publish","type":"product","link":"https:\/\/www.winar.cz\/index.php\/product\/klicenka\/","title":{"rendered":"Kl\u00ed\u010denka"},"content":{"rendered":"<p>Ko\u017een\u00e1 kl\u00ed\u010denka, velmi prostorn\u00e1 s kapsi\u010dkou na zip.<\/p>\n<p>Kr\u00e1sn\u00e1 starok\u016f\u017ee s \u00fa\u017easn\u00fdm efektem.<\/p>\n<p>Mo\u017eno razit Va\u0161e monogramy a zabalit do d\u0159ev\u011bn\u00e9 krabi\u010dky.<\/p>\n<p>&nbsp;<\/p>\n<p>&nbsp;<\/p>\n","protected":false},"excerpt":{"rendered":"<p>Ko\u017een\u00e1 kl\u00ed\u010denka, velmi prostorn\u00e1 s kapsi\u010dkou na zip.<\/p>\n<p>Kr\u00e1sn\u00e1 starok\u016f\u017ee s \u00fa\u017easn\u00fdm efektem.<\/p>\n<p>Mo\u017eno razit Va\u0161e monogramy a zabalit do d\u0159ev\u011bn\u00e9 krabi\u010dky.<\/p>\n","protected":false},"featured_media":662,"comment_status":"open","ping_status":"closed","template":"","meta":{"_acf_changed":false,"inline_featured_image":false,"_monsterinsights_skip_tracking":false,"_monsterinsights_sitenote_active":false,"_monsterinsights_sitenote_note":"","_monsterinsights_sitenote_category":0},"product_brand":[],"product_cat":[27,29],"product_tag":[],"class_list":{"0":"post-615","1":"product","2":"type-product","3":"status-publish","4":"has-post-thumbnail","6":"product_cat-pouzdra","7":"product_cat-pro-pany","9":"first","10":"instock","11":"shipping-taxable","12":"product-type-simple"},"acf":[],"_links":{"self":[{"href":"https:\/\/www.winar.cz\/index.php\/wp-json\/wp\/v2\/product\/615","targetHints":{"allow":["GET"]}}],"collection":[{"href":"https:\/\/www.winar.cz\/index.php\/wp-json\/wp\/v2\/product"}],"about":[{"href":"https:\/\/www.winar.cz\/index.php\/wp-json\/wp\/v2\/types\/product"}],"replies":[{"embeddable":true,"href":"https:\/\/www.winar.cz\/index.php\/wp-json\/wp\/v2\/comments?post=615"}],"wp:featuredmedia":[{"embeddable":true,"href":"https:\/\/www.winar.cz\/index.php\/wp-json\/wp\/v2\/media\/662"}],"wp:attachment":[{"href":"https:\/\/www.winar.cz\/index.php\/wp-json\/wp\/v2\/media?parent=615"}],"wp:term":[{"taxonomy":"product_brand","embeddable":true,"href":"https:\/\/www.winar.cz\/index.php\/wp-json\/wp\/v2\/product_brand?post=615"},{"taxonomy":"product_cat","embeddable":true,"href":"https:\/\/www.winar.cz\/index.php\/wp-json\/wp\/v2\/product_cat?post=615"},{"taxonomy":"product_tag","embeddable":true,"href":"https:\/\/www.winar.cz\/index.php\/wp-json\/wp\/v2\/product_tag?post=615"}],"curies":[{"name":"wp","href":"https:\/\/api.w.org\/{rel}","templated":true}]}}