{"id":665,"date":"2024-05-26T17:58:11","date_gmt":"2024-05-26T17:58:11","guid":{"rendered":"https:\/\/www.winar.cz\/?post_type=product&#038;p=665"},"modified":"2024-05-26T18:02:19","modified_gmt":"2024-05-26T18:02:19","slug":"messenger","status":"publish","type":"product","link":"https:\/\/www.winar.cz\/index.php\/product\/messenger\/","title":{"rendered":"Messenger"},"content":{"rendered":"<p>P\u00e1nsk\u00e1 ta\u0161ka p\u0159es rameno na telefon, pen\u011b\u017eenku aj.<br \/>\n<strong>Rozm\u011bry:<\/strong><br \/>\nv\u00fd\u0161ka: 18 cm, d\u00e9lka: 11 cm, \u0161\u00ed\u0159ka: 6 cm<\/p>\n","protected":false},"excerpt":{"rendered":"<p>P\u00e1nsk\u00e1 ta\u0161ka p\u0159es rameno na telefon, pen\u011b\u017eenku aj.<br \/>\n<strong>Rozm\u011bry:<\/strong><br \/>\nv\u00fd\u0161ka: 18 cm, d\u00e9lka: 11 cm, \u0161\u00ed\u0159ka: 6 cm<\/p>\n","protected":false},"featured_media":669,"comment_status":"open","ping_status":"closed","template":"","meta":{"_acf_changed":false,"inline_featured_image":false,"_monsterinsights_skip_tracking":false,"_monsterinsights_sitenote_active":false,"_monsterinsights_sitenote_note":"","_monsterinsights_sitenote_category":0},"product_brand":[],"product_cat":[27,29],"product_tag":[],"class_list":{"0":"post-665","1":"product","2":"type-product","3":"status-publish","4":"has-post-thumbnail","6":"product_cat-pouzdra","7":"product_cat-pro-pany","9":"first","10":"instock","11":"shipping-taxable","12":"product-type-simple"},"acf":[],"_links":{"self":[{"href":"https:\/\/www.winar.cz\/index.php\/wp-json\/wp\/v2\/product\/665","targetHints":{"allow":["GET"]}}],"collection":[{"href":"https:\/\/www.winar.cz\/index.php\/wp-json\/wp\/v2\/product"}],"about":[{"href":"https:\/\/www.winar.cz\/index.php\/wp-json\/wp\/v2\/types\/product"}],"replies":[{"embeddable":true,"href":"https:\/\/www.winar.cz\/index.php\/wp-json\/wp\/v2\/comments?post=665"}],"wp:featuredmedia":[{"embeddable":true,"href":"https:\/\/www.winar.cz\/index.php\/wp-json\/wp\/v2\/media\/669"}],"wp:attachment":[{"href":"https:\/\/www.winar.cz\/index.php\/wp-json\/wp\/v2\/media?parent=665"}],"wp:term":[{"taxonomy":"product_brand","embeddable":true,"href":"https:\/\/www.winar.cz\/index.php\/wp-json\/wp\/v2\/product_brand?post=665"},{"taxonomy":"product_cat","embeddable":true,"href":"https:\/\/www.winar.cz\/index.php\/wp-json\/wp\/v2\/product_cat?post=665"},{"taxonomy":"product_tag","embeddable":true,"href":"https:\/\/www.winar.cz\/index.php\/wp-json\/wp\/v2\/product_tag?post=665"}],"curies":[{"name":"wp","href":"https:\/\/api.w.org\/{rel}","templated":true}]}}